{"id":965,"date":"2019-08-08T09:47:52","date_gmt":"2019-08-08T13:47:52","guid":{"rendered":"https:\/\/linguix.com\/blog\/?page_id=965"},"modified":"2019-08-08T09:47:52","modified_gmt":"2019-08-08T13:47:52","slug":"como-es-el-correo-electronico-ideal-y-por-que-es-importante-el-idioma","status":"publish","type":"page","link":"https:\/\/linguix.com\/blog\/como-es-el-correo-electronico-ideal-y-por-que-es-importante-el-idioma\/","title":{"rendered":"\u00bfC\u00f3mo es el correo electr\u00f3nico ideal y por qu\u00e9 es importante el idioma?"},"content":{"rendered":"\n<p>Seg\u00fan las <a href=\"https:\/\/www.hubspot.com\/marketing-statistics\">estad\u00edsticas<\/a>, el 86% de los profesionales prefieren utilizar el correo electr\u00f3nico para comunicarse con fines comerciales. Una <a href=\"https:\/\/www.radicati.com\/wp\/wp-content\/uploads\/2015\/02\/Email-Statistics-Report-2015-2019-Executive-Summary.pdf\">investigaci\u00f3n<\/a> de Radicati Group revel\u00f3 que el trabajador de oficina medio recib\u00eda y enviaba 122 correos electr\u00f3nicos al d\u00eda en 2015. Para finales de 2019, se prev\u00e9 que este n\u00famero aumente a 126 mensajes por d\u00eda. Un correo electr\u00f3nico es tambi\u00e9n una herramienta de primer orden en una batalla por la adquisici\u00f3n y retenci\u00f3n de clientes.\u00a0<\/p>\n\n\n\n<p>Un r\u00e1pido vistazo a todos estos datos revela que la habilidad de escribir correos electr\u00f3nicos asesinos tanto para la comunicaci\u00f3n empresarial interna como externa es crucial hoy en d\u00eda.<\/p>\n\n\n\n<p>Hoy discutiremos un correo electr\u00f3nico ideal parte por parte, resaltando lo que se debe hacer y lo que no se debe hacer, respaldado por estad\u00edsticas, para que pueda maximizar el beneficio de usar esta herramienta de comunicaci\u00f3n.<\/p>\n\n\n\n<h2 class=\"wp-block-heading\"><strong>La l\u00ednea de asunto es muy importante<\/strong><\/h2>\n\n\n\n<p>Hay toneladas de investigaci\u00f3n y numerosos art\u00edculos de expertos dedicados s\u00f3lo a las l\u00edneas de asunto del correo electr\u00f3nico. No es ninguna sorpresa, ya que se trata de un elemento crucial para el \u00e9xito de cualquier correo electr\u00f3nico, desde el mensaje interno de la empresa hasta el bolet\u00edn informativo externo.<\/p>\n\n\n\n<p>Por ejemplo, el experto de Marketo Mike Madden <a href=\"https:\/\/blog.marketo.com\/2018\/02\/email-subject-line-length-works-best.html\">experiment\u00f3<\/a> recientemente. Su an\u00e1lisis de m\u00e1s de dos millones de correos electr\u00f3nicos enviados arroj\u00f3 resultados emocionantes. Por ejemplo, las tasas de apertura de los correos electr\u00f3nicos con una extensi\u00f3n de cuatro palabras se encontraban en el nivel m\u00e1s alto, mientras que las l\u00edneas de asunto con una extensi\u00f3n de nueve palabras eran las que ten\u00edan el peor desempe\u00f1o.<\/p>\n\n\n\n<figure class=\"wp-block-image\"><img decoding=\"async\" src=\"https:\/\/lh6.googleusercontent.com\/k3adGSAY-L_60_W7GZPxO95OwXLVjvOF2JHQPQPZne3IYmLkY700Mgqp_3ss5aYNf_mKK5ajTiTqE_pH4UJTHZfRv_D6ZzTLNn4t9klFUrpXJwTO9EysdKdkjZWDBBsFj2Omtkwh\" alt=\"\"\/><\/figure>\n\n\n\n<p>Sin embargo, con respecto a las tasas de clics, la longitud del tema ganador fue de siete palabras. Sorprendentemente, las l\u00edneas de asunto de ocho palabras se desempe\u00f1aron casi un 50% peor, \u00a1y esto es s\u00f3lo una diferencia de una palabra!<\/p>\n\n\n\n<p>Hay estad\u00edsticas m\u00e1s impresionantes con respecto a las l\u00edneas de asunto del correo electr\u00f3nico. Por ejemplo, para la comunicaci\u00f3n externa, los elementos de personalizaci\u00f3n, como la inclusi\u00f3n del nombre del destinatario en el asunto, demuestran una mayor tasa de clics. Adem\u00e1s, el 56% de las marcas que utilizan un emoji en el asunto de su correo electr\u00f3nico tienen una tasa de apertura m\u00e1s alta que las que no lo hacen (fuente: HubSpot).<\/p>\n\n\n\n<p>Sin embargo, las l\u00edneas de asunto tambi\u00e9n son puntos calientes para los errores de correo electr\u00f3nico. Por ejemplo, el inicio de la automatizaci\u00f3n del correo electr\u00f3nico Litmus escribe en su libro electr\u00f3nico que las l\u00edneas de asunto se dejan muy a menudo hasta el \u00faltimo minuto para escribir. Todo esto conduce a correos electr\u00f3nicos con un asunto que falta, palabras mal escritas, etc. (por ejemplo, &#8220;Halowen&#8221; o &#8220;Maxmum&#8221;).<\/p>\n\n\n\n<p>Los errores en las l\u00edneas de asunto no s\u00f3lo perjudican sus posibilidades de obtener una respuesta, sino que dificultan la b\u00fasqueda de correos electr\u00f3nicos anteriores. El contenido y la forma son importantes, pero el etiquetado correcto de las l\u00edneas de asunto es crucial.<\/p>\n\n\n\n<h2 class=\"wp-block-heading\"><strong>C\u00f3mo debe ser su carta por correo electr\u00f3nico<\/strong><\/h2>\n\n\n\n<p>Una de las cosas m\u00e1s importantes que debe revisar antes de hacer clic en el bot\u00f3n &#8220;enviar&#8221; es el estilo de su escritura. Boomerang App ha publicado los resultados de sus investigaciones que han resultado sorprendentes. Los n\u00fameros mostraron que el nivel de lectura de un correo electr\u00f3nico afecta fuertemente los \u00edndices de respuesta. Por ejemplo, los mensajes escritos en un nivel de lectura de tercer grado resultaron ser \u00f3ptimos. Por el contrario, los correos electr\u00f3nicos escritos a nivel de lectura universitaria tuvieron un desempe\u00f1o deficiente.<\/p>\n\n\n\n<figure class=\"wp-block-image\"><img decoding=\"async\" src=\"https:\/\/lh3.googleusercontent.com\/96ynfd_qG_tW9giUxyxMISH_4Oq-SShRQ9zQ0opZjT2UotCgkgrlcK2fBv-ZvQ2iiI4GoHXHgN8FbQO5O-bw2i4qA4bmiFLgzzN8U795SqjWpCKrx-nn7Aox2yhfAQnAsU3RlYwm\" alt=\"\"\/><\/figure>\n\n\n\n<p>Esto no significa que la gente sea est\u00fapida, significa que los remitentes a menudo pierden el contexto. Si usted est\u00e1 escribiendo a un profesor para discutir su investigaci\u00f3n universitaria o tratando de llegar a un inversionista potencial para su inicio de AI y ML, entonces est\u00e1 bien usar un lenguaje complejo. Sin embargo, si quieres decir algo brevemente y el tema no es muy complicado, es mejor mantener el estilo simple. Puedes comprobar el nivel de complejidad de tu escritura en ingl\u00e9s a trav\u00e9s de <a href=\"https:\/\/linguix.com\">Linguix<\/a>.<\/p>\n\n\n\n<figure class=\"wp-block-image\"><img decoding=\"async\" src=\"https:\/\/lh4.googleusercontent.com\/en3U55gFV1T-nf8XkyM6W9dX-R5bvwQGYgfNJ9Q1ipMQ4bUvthkqjYnjGuwgCAWb7scc_BMqebP1x9uagODzjCk6UOA3vqDmoZ6txJ9loJaoIvPcyZbjdMTjLoPRqFH3Ufb2CuZY\" alt=\"\"\/><\/figure>\n\n\n\n<p>La longitud de su mensaje es otro elemento crucial. Muchas personas son culpables de escribir correos electr\u00f3nicos largos y sucios, pero sus lectores no dir\u00e1n &#8220;gracias&#8221; por ello. Echemos un vistazo a algunos n\u00fameros relacionados con la longitud del correo electr\u00f3nico.<\/p>\n\n\n\n<p>Hay diferentes estad\u00edsticas sobre la longitud de las copias de correo electr\u00f3nico: Los datos de Boomerang muestran que las mejores tasas de respuesta (50%) son alcanzadas por mensajes de entre 50 y 125 palabras.<\/p>\n\n\n\n<p>El servicio de automatizaci\u00f3n del correo electr\u00f3nico Constant Contact obtuvo su investigaci\u00f3n a partir de 2,1 millones de correos electr\u00f3nicos de clientes. Encontraron que los correos electr\u00f3nicos con aproximadamente 20 l\u00edneas de texto fueron los que mejor funcionaron con respecto al CTR.<\/p>\n\n\n\n<figure class=\"wp-block-image\"><img decoding=\"async\" src=\"https:\/\/lh4.googleusercontent.com\/ulTNSSVAlMfzakkIWPqcG0d3bm2IqerfKvD9vPW-ODLPrzyv-a40GQZiGAAip0c4MTaU9bu4dezxcyr6mqAobD-hL49TtfQfIdmzMHyXEl6msJQCLEuUN628m2Rz-5diLq0AeU-M\" alt=\"\"\/><\/figure>\n\n\n\n<p>Veinte l\u00edneas de texto en ingl\u00e9s equivalen aproximadamente a 200 palabras. Hecho curioso: los correos electr\u00f3nicos que son demasiado cortos demuestran una tasa de respuesta m\u00e1s baja. Los expertos de Boomerang encontraron que los mensajes de 10 palabras o menos eran contestados s\u00f3lo el 36% del tiempo. Para obtener el recuento de palabras de tus correos electr\u00f3nicos puedes usar Linguix:<\/p>\n\n\n\n<figure class=\"wp-block-image\"><img decoding=\"async\" src=\"https:\/\/lh5.googleusercontent.com\/48BZZA3NcgzmDcuvCyAfWosFLcrfMbAU8g8-m__86y-Blel2hQdINS57FuyjWbiYi_F6DwrCIjoP8Br3Q6MCSKLLzxYSI5aEDPweRS67ber6HUJYrKdHeAWorPrhPyn-V11n_i6d\" alt=\"\"\/><\/figure>\n\n\n\n<p>Tambi\u00e9n hay algunos errores de copia de correo electr\u00f3nico que muchos usuarios cometen. Uno de los m\u00e1s horribles es empezar tu mensaje con &#8220;a quien corresponda&#8221;. Si desea una reacci\u00f3n a sus palabras, debe indicar qui\u00e9n debe recibirla. Incluya el nombre de la persona que deber\u00eda ser responsable del asunto tratado. Si es dif\u00edcil encontrar un nombre espec\u00edfico, al menos puede haber un grupo de personas a las que referirse (por ejemplo, &#8220;al equipo de contabilidad&#8221;).<\/p>\n\n\n\n<p>Una mala gram\u00e1tica y ortograf\u00eda hacen que su correo electr\u00f3nico parezca descuidado y poco profesional. Tales errores muestran que usted est\u00e1 tan ocupado que no corrige sus mensajes, y esto demuestra falta de respeto al destinatario. Hoy en d\u00eda, es f\u00e1cil corregir tu escritura autom\u00e1ticamente a trav\u00e9s del software de correcci\u00f3n ortogr\u00e1fica (Linguix es una de las opciones), as\u00ed que no ignores estas herramientas.<\/p>\n\n\n\n<h2 class=\"wp-block-heading\"><strong>Llamado a la acci\u00f3n<\/strong><\/h2>\n\n\n\n<p>\u00bfEst\u00e1s escribiendo un correo electr\u00f3nico para obtener un resultado? Si es as\u00ed, siempre es una buena idea mencionar directamente lo que necesita, es decir, hacer un llamado a la acci\u00f3n. Seg\u00fan las <a href=\"http:\/\/www.wordstream.com\/blog\/ws\/2015\/06\/10\/digital-marketing-stats\">estad\u00edsticas<\/a>, los correos electr\u00f3nicos con una sola llamada a la acci\u00f3n aumentaron los clics en un 371%.<\/p>\n\n\n\n<p>Si su reacci\u00f3n es una respuesta, entonces debe demostrar que la necesita. La pregunta es la mejor herramienta para resolver esta tarea. Un estudio de Boomerang descubri\u00f3 que los correos electr\u00f3nicos que conten\u00edan de una a tres preguntas ten\u00edan un 50% m\u00e1s de probabilidades de obtener una respuesta en comparaci\u00f3n con los mensajes que no conten\u00edan ninguna pregunta.<br><\/p>\n\n\n\n<figure class=\"wp-block-image\"><img decoding=\"async\" src=\"https:\/\/lh6.googleusercontent.com\/-xrjt0Mp3YLajEk5DAiaWbfECaDtyx0EKd4t8ssQtuII4QcNSj1pqBxLznncjc69baZHlEXVvuL8sFUrJID7Y2NEe41F8H6pfH4-EbmgSDwXD0Jtls_RUjpp5xjLRH9fQrTeJers\" alt=\"\"\/><\/figure>\n\n\n\n<h2 class=\"wp-block-heading\"><strong>Conclusi\u00f3n: una lista de verificaci\u00f3n por correo electr\u00f3nico<\/strong><\/h2>\n\n\n\n<p>Escribir correos electr\u00f3nicos que cualquier destinatario quiera leer y responder no es una tarea f\u00e1cil. Usted debe ponerse en el lugar de otra persona, tratar de hacer que su mensaje sea claro, convincente y procesable.\u00a0<\/p>\n\n\n\n<p>He aqu\u00ed un resumen de las mejores pr\u00e1cticas a seguir:\u00a0<\/p>\n\n\n\n<ul class=\"wp-block-list\"><li><strong>La l\u00ednea de asunto es crucial<\/strong>. No lo haga demasiado largo, utilice la personalizaci\u00f3n, a\u00f1ada emociones (especialmente cuando escriba a los suscriptores de negocios).<\/li><li><strong>El correo electr\u00f3nico no debe ser demasiado largo<\/strong>. Aunque escribir mensajes de correo electr\u00f3nico estilo twitter puede no ser la mejor manera de utilizar esta herramienta, hacer que su escritura sea demasiado larga perjudicar\u00e1 a\u00fan m\u00e1s su comunicaci\u00f3n.<\/li><li><strong>Cuida tu estilo<\/strong>. Frecuentemente las personas son m\u00e1s propensas a leer correos electr\u00f3nicos m\u00e1s directos. Esto afecta al estilo de escritura en s\u00ed mismo &#8211; en la mayor\u00eda de los casos es preferible una legibilidad a nivel de grado escolar. Sin embargo, es esencial tener en cuenta el contexto y el destinatario.<\/li><\/ul>\n\n\n\n<figure class=\"wp-block-pullquote\"><blockquote><p>P.D. Mientras tanto, utiliza nuestra oferta \u00fanica de descuento <a href=\"https:\/\/linguix.com\/upgrade\">del 30% en una suscripci\u00f3n Premium anual<\/a> para desbloquear toda la potencia de nuestro motor de revisi\u00f3n gramatical basado en la Inteligencia Artificial.&nbsp;&nbsp;<\/p><\/blockquote><\/figure>\n\n\n\n<figure class=\"wp-block-image\"><img loading=\"lazy\" decoding=\"async\" width=\"800\" height=\"534\" src=\"https:\/\/linguix.com\/blog\/wp-content\/uploads\/2019\/07\/sale25-06-2019.png\" alt=\"\" class=\"wp-image-855\"\/><\/figure>\n\n\n\n<h3 class=\"wp-block-heading\">Lee m\u00e1s consejos sobre c\u00f3mo aprender y escribir en ingl\u00e9s:<\/h3>\n\n\n\n<ul class=\"wp-block-list\"><li><a href=\"https:\/\/linguix.com\/blog\/como-comunicarse-en-una-oficina-de-habla-inglesa-14-frases-idiomaticas-utiles\/\">C\u00f3mo comunicarse en una oficina de habla inglesa: 14 frases idiom\u00e1ticas \u00fatiles<\/a><\/li><li><a href=\"https:\/\/linguix.com\/blog\/nueve-idiomas-naturales-de-ingles-para-que-usted-hable-como-un-nativo\/\">Nueve idiomas naturales de ingl\u00e9s para que usted hable como un nativo<\/a><\/li><li><a href=\"https:\/\/linguix.com\/blog\/10-%d1%81ommon-errores-en-el-ingles-escrito-y-que-hacer-para-evitarlos\/\">10 \u0421ommon Errores en el ingl\u00e9s escrito, y qu\u00e9 hacer para evitarlos<\/a><\/li><\/ul>\n","protected":false},"excerpt":{"rendered":"<p>Seg\u00fan las estad\u00edsticas, el 86% de los profesionales prefieren utilizar el correo electr\u00f3nico para comunicarse con fines comerciales. Una investigaci\u00f3n de Radicati Group revel\u00f3 que el trabajador de oficina medio recib\u00eda y enviaba 122 correos electr\u00f3nicos al d\u00eda en 2015. Para finales de 2019, se prev\u00e9 que este n\u00famero aumente a 126 mensajes por d\u00eda. [&hellip;]<\/p>\n","protected":false},"author":2,"featured_media":890,"parent":0,"menu_order":0,"comment_status":"closed","ping_status":"closed","template":"","meta":{"_acf_changed":false,"footnotes":"","_links_to":"","_links_to_target":""},"class_list":["post-965","page","type-page","status-publish","has-post-thumbnail","hentry"],"acf":[],"yoast_head":"<!-- This site is optimized with the Yoast SEO Premium plugin v20.8 (Yoast SEO v24.8.1) - https:\/\/yoast.com\/wordpress\/plugins\/seo\/ -->\n<title>\u00bfC\u00f3mo es el correo electr\u00f3nico ideal y por qu\u00e9 es importante el idioma? - Linguix Blog<\/title>\n<meta name=\"robots\" content=\"index, follow, max-snippet:-1, max-image-preview:large, max-video-preview:-1\" \/>\n<link rel=\"canonical\" href=\"https:\/\/linguix.com\/blog\/como-es-el-correo-electronico-ideal-y-por-que-es-importante-el-idioma\/\" \/>\n<meta property=\"og:locale\" content=\"en_US\" \/>\n<meta property=\"og:type\" content=\"article\" \/>\n<meta property=\"og:title\" content=\"\u00bfC\u00f3mo es el correo electr\u00f3nico ideal y por qu\u00e9 es importante el idioma?\" \/>\n<meta property=\"og:description\" content=\"Seg\u00fan las estad\u00edsticas, el 86% de los profesionales prefieren utilizar el correo electr\u00f3nico para comunicarse con fines comerciales. Una investigaci\u00f3n de Radicati Group revel\u00f3 que el trabajador de oficina medio recib\u00eda y enviaba 122 correos electr\u00f3nicos al d\u00eda en 2015. Para finales de 2019, se prev\u00e9 que este n\u00famero aumente a 126 mensajes por d\u00eda. [&hellip;]\" \/>\n<meta property=\"og:url\" content=\"https:\/\/linguix.com\/blog\/como-es-el-correo-electronico-ideal-y-por-que-es-importante-el-idioma\/\" \/>\n<meta property=\"og:site_name\" content=\"Linguix Blog\" \/>\n<meta property=\"og:image\" content=\"https:\/\/linguix.com\/blog\/wp-content\/uploads\/2019\/07\/pexels-photo-261706-2.jpeg\" \/>\n\t<meta property=\"og:image:width\" content=\"2520\" \/>\n\t<meta property=\"og:image:height\" content=\"1344\" \/>\n\t<meta property=\"og:image:type\" content=\"image\/jpeg\" \/>\n<meta name=\"twitter:card\" content=\"summary_large_image\" \/>\n<meta name=\"twitter:label1\" content=\"Est. reading time\" \/>\n\t<meta name=\"twitter:data1\" content=\"7 minutes\" \/>\n<script type=\"application\/ld+json\" class=\"yoast-schema-graph\">{\"@context\":\"https:\/\/schema.org\",\"@graph\":[{\"@type\":\"WebPage\",\"@id\":\"https:\/\/linguix.com\/blog\/como-es-el-correo-electronico-ideal-y-por-que-es-importante-el-idioma\/\",\"url\":\"https:\/\/linguix.com\/blog\/como-es-el-correo-electronico-ideal-y-por-que-es-importante-el-idioma\/\",\"name\":\"\u00bfC\u00f3mo es el correo electr\u00f3nico ideal y por qu\u00e9 es importante el idioma? - Linguix Blog\",\"isPartOf\":{\"@id\":\"https:\/\/linguix.com\/blog\/#website\"},\"primaryImageOfPage\":{\"@id\":\"https:\/\/linguix.com\/blog\/como-es-el-correo-electronico-ideal-y-por-que-es-importante-el-idioma\/#primaryimage\"},\"image\":{\"@id\":\"https:\/\/linguix.com\/blog\/como-es-el-correo-electronico-ideal-y-por-que-es-importante-el-idioma\/#primaryimage\"},\"thumbnailUrl\":\"https:\/\/linguix.com\/blog\/wp-content\/uploads\/2019\/07\/pexels-photo-261706-2.jpeg\",\"datePublished\":\"2019-08-08T13:47:52+00:00\",\"breadcrumb\":{\"@id\":\"https:\/\/linguix.com\/blog\/como-es-el-correo-electronico-ideal-y-por-que-es-importante-el-idioma\/#breadcrumb\"},\"inLanguage\":\"en-US\",\"potentialAction\":[{\"@type\":\"ReadAction\",\"target\":[\"https:\/\/linguix.com\/blog\/como-es-el-correo-electronico-ideal-y-por-que-es-importante-el-idioma\/\"]}]},{\"@type\":\"ImageObject\",\"inLanguage\":\"en-US\",\"@id\":\"https:\/\/linguix.com\/blog\/como-es-el-correo-electronico-ideal-y-por-que-es-importante-el-idioma\/#primaryimage\",\"url\":\"https:\/\/linguix.com\/blog\/wp-content\/uploads\/2019\/07\/pexels-photo-261706-2.jpeg\",\"contentUrl\":\"https:\/\/linguix.com\/blog\/wp-content\/uploads\/2019\/07\/pexels-photo-261706-2.jpeg\",\"width\":2520,\"height\":1344},{\"@type\":\"BreadcrumbList\",\"@id\":\"https:\/\/linguix.com\/blog\/como-es-el-correo-electronico-ideal-y-por-que-es-importante-el-idioma\/#breadcrumb\",\"itemListElement\":[{\"@type\":\"ListItem\",\"position\":1,\"name\":\"Home\",\"item\":\"https:\/\/linguix.com\/blog\/\"},{\"@type\":\"ListItem\",\"position\":2,\"name\":\"\u00bfC\u00f3mo es el correo electr\u00f3nico ideal y por qu\u00e9 es importante el idioma?\"}]},{\"@type\":\"WebSite\",\"@id\":\"https:\/\/linguix.com\/blog\/#website\",\"url\":\"https:\/\/linguix.com\/blog\/\",\"name\":\"Linguix Blog\",\"description\":\"Writing about using technology to create content and build effective communications.\",\"potentialAction\":[{\"@type\":\"SearchAction\",\"target\":{\"@type\":\"EntryPoint\",\"urlTemplate\":\"https:\/\/linguix.com\/blog\/?s={search_term_string}\"},\"query-input\":{\"@type\":\"PropertyValueSpecification\",\"valueRequired\":true,\"valueName\":\"search_term_string\"}}],\"inLanguage\":\"en-US\"}]}<\/script>\n<!-- \/ Yoast SEO Premium plugin. -->","yoast_head_json":{"title":"\u00bfC\u00f3mo es el correo electr\u00f3nico ideal y por qu\u00e9 es importante el idioma? - Linguix Blog","robots":{"index":"index","follow":"follow","max-snippet":"max-snippet:-1","max-image-preview":"max-image-preview:large","max-video-preview":"max-video-preview:-1"},"canonical":"https:\/\/linguix.com\/blog\/como-es-el-correo-electronico-ideal-y-por-que-es-importante-el-idioma\/","og_locale":"en_US","og_type":"article","og_title":"\u00bfC\u00f3mo es el correo electr\u00f3nico ideal y por qu\u00e9 es importante el idioma?","og_description":"Seg\u00fan las estad\u00edsticas, el 86% de los profesionales prefieren utilizar el correo electr\u00f3nico para comunicarse con fines comerciales. Una investigaci\u00f3n de Radicati Group revel\u00f3 que el trabajador de oficina medio recib\u00eda y enviaba 122 correos electr\u00f3nicos al d\u00eda en 2015. Para finales de 2019, se prev\u00e9 que este n\u00famero aumente a 126 mensajes por d\u00eda. [&hellip;]","og_url":"https:\/\/linguix.com\/blog\/como-es-el-correo-electronico-ideal-y-por-que-es-importante-el-idioma\/","og_site_name":"Linguix Blog","og_image":[{"width":2520,"height":1344,"url":"https:\/\/linguix.com\/blog\/wp-content\/uploads\/2019\/07\/pexels-photo-261706-2.jpeg","type":"image\/jpeg"}],"twitter_card":"summary_large_image","twitter_misc":{"Est. reading time":"7 minutes"},"schema":{"@context":"https:\/\/schema.org","@graph":[{"@type":"WebPage","@id":"https:\/\/linguix.com\/blog\/como-es-el-correo-electronico-ideal-y-por-que-es-importante-el-idioma\/","url":"https:\/\/linguix.com\/blog\/como-es-el-correo-electronico-ideal-y-por-que-es-importante-el-idioma\/","name":"\u00bfC\u00f3mo es el correo electr\u00f3nico ideal y por qu\u00e9 es importante el idioma? - Linguix Blog","isPartOf":{"@id":"https:\/\/linguix.com\/blog\/#website"},"primaryImageOfPage":{"@id":"https:\/\/linguix.com\/blog\/como-es-el-correo-electronico-ideal-y-por-que-es-importante-el-idioma\/#primaryimage"},"image":{"@id":"https:\/\/linguix.com\/blog\/como-es-el-correo-electronico-ideal-y-por-que-es-importante-el-idioma\/#primaryimage"},"thumbnailUrl":"https:\/\/linguix.com\/blog\/wp-content\/uploads\/2019\/07\/pexels-photo-261706-2.jpeg","datePublished":"2019-08-08T13:47:52+00:00","breadcrumb":{"@id":"https:\/\/linguix.com\/blog\/como-es-el-correo-electronico-ideal-y-por-que-es-importante-el-idioma\/#breadcrumb"},"inLanguage":"en-US","potentialAction":[{"@type":"ReadAction","target":["https:\/\/linguix.com\/blog\/como-es-el-correo-electronico-ideal-y-por-que-es-importante-el-idioma\/"]}]},{"@type":"ImageObject","inLanguage":"en-US","@id":"https:\/\/linguix.com\/blog\/como-es-el-correo-electronico-ideal-y-por-que-es-importante-el-idioma\/#primaryimage","url":"https:\/\/linguix.com\/blog\/wp-content\/uploads\/2019\/07\/pexels-photo-261706-2.jpeg","contentUrl":"https:\/\/linguix.com\/blog\/wp-content\/uploads\/2019\/07\/pexels-photo-261706-2.jpeg","width":2520,"height":1344},{"@type":"BreadcrumbList","@id":"https:\/\/linguix.com\/blog\/como-es-el-correo-electronico-ideal-y-por-que-es-importante-el-idioma\/#breadcrumb","itemListElement":[{"@type":"ListItem","position":1,"name":"Home","item":"https:\/\/linguix.com\/blog\/"},{"@type":"ListItem","position":2,"name":"\u00bfC\u00f3mo es el correo electr\u00f3nico ideal y por qu\u00e9 es importante el idioma?"}]},{"@type":"WebSite","@id":"https:\/\/linguix.com\/blog\/#website","url":"https:\/\/linguix.com\/blog\/","name":"Linguix Blog","description":"Writing about using technology to create content and build effective communications.","potentialAction":[{"@type":"SearchAction","target":{"@type":"EntryPoint","urlTemplate":"https:\/\/linguix.com\/blog\/?s={search_term_string}"},"query-input":{"@type":"PropertyValueSpecification","valueRequired":true,"valueName":"search_term_string"}}],"inLanguage":"en-US"}]}},"_links":{"self":[{"href":"https:\/\/linguix.com\/blog\/wp-json\/wp\/v2\/pages\/965","targetHints":{"allow":["GET"]}}],"collection":[{"href":"https:\/\/linguix.com\/blog\/wp-json\/wp\/v2\/pages"}],"about":[{"href":"https:\/\/linguix.com\/blog\/wp-json\/wp\/v2\/types\/page"}],"author":[{"embeddable":true,"href":"https:\/\/linguix.com\/blog\/wp-json\/wp\/v2\/users\/2"}],"replies":[{"embeddable":true,"href":"https:\/\/linguix.com\/blog\/wp-json\/wp\/v2\/comments?post=965"}],"version-history":[{"count":2,"href":"https:\/\/linguix.com\/blog\/wp-json\/wp\/v2\/pages\/965\/revisions"}],"predecessor-version":[{"id":967,"href":"https:\/\/linguix.com\/blog\/wp-json\/wp\/v2\/pages\/965\/revisions\/967"}],"wp:featuredmedia":[{"embeddable":true,"href":"https:\/\/linguix.com\/blog\/wp-json\/wp\/v2\/media\/890"}],"wp:attachment":[{"href":"https:\/\/linguix.com\/blog\/wp-json\/wp\/v2\/media?parent=965"}],"curies":[{"name":"wp","href":"https:\/\/api.w.org\/{rel}","templated":true}]}}