{"id":953,"date":"2019-07-26T08:39:42","date_gmt":"2019-07-26T12:39:42","guid":{"rendered":"https:\/\/linguix.com\/blog\/?page_id=953"},"modified":"2019-07-26T09:06:28","modified_gmt":"2019-07-26T13:06:28","slug":"nueve-idiomas-naturales-de-ingles-para-que-usted-hable-como-un-nativo","status":"publish","type":"page","link":"https:\/\/linguix.com\/blog\/nueve-idiomas-naturales-de-ingles-para-que-usted-hable-como-un-nativo\/","title":{"rendered":"Nueve idiomas naturales de ingl\u00e9s para que usted hable como un nativo"},"content":{"rendered":"\n<p>Llegar a dominar otro idioma puede ser dif\u00edcil, pero hay aspectos que se aprenden r\u00e1pidamente y que realmente pueden ayudar a su desarrollo. Una vez que tal aspecto est\u00e1 aprendiendo a incluir expresiones que suenan naturales, modismos o verbos frasales, cuando sea el momento adecuado. En ingl\u00e9s, estas expresiones no s\u00f3lo son muy apreciadas por los hablantes nativos, sino que a\u00f1aden un toque de colorido que puede elevar su idioma a niveles m\u00e1s descriptivos y fluidos.<\/p>\n\n\n\n<p>Estos son s\u00f3lo algunos ejemplos de modismos ingleses maravillosamente naturales al estilo estadounidense que, cuando se roc\u00edan en la conversaci\u00f3n, pueden ayudarle a sonar como un nativo.&nbsp;&nbsp;<\/p>\n\n\n\n<h2 class=\"wp-block-heading\">Pass the buck<\/h2>\n\n\n\n<p>Darle la responsabilidad de hacer algo a otra persona cuando usted no est\u00e1 dispuesto o es incapaz de hacerlo por s\u00ed mismo.<\/p>\n\n\n\n<blockquote class=\"wp-block-quote is-layout-flow wp-block-quote-is-layout-flow\"><p><strong>Ejemplo<\/strong>: My boss is always passing the buck to me, so I am the one who has to do all the dirty work, and I get blamed by everybody for everything, even though it\u2019s my boss\u2019s responsibility.<br><\/p><\/blockquote>\n\n\n\n<h2 class=\"wp-block-heading\">Going Dutch<\/h2>\n\n\n\n<p>Esta expresi\u00f3n se utiliza regularmente en los c\u00edrculos de citas para explicar una situaci\u00f3n en la que el pago del coste de algo (normalmente el cheque) se divide entre ambas partes. Significa pagar 50\/50.<\/p>\n\n\n\n<blockquote class=\"wp-block-quote is-layout-flow wp-block-quote-is-layout-flow\"><p><strong>Ejemplo<\/strong>: I went on a great date last night. Not only is she really interesting, but she insisted on going Dutch on the check, which I found really refreshing.<\/p><\/blockquote>\n\n\n\n<h2 class=\"wp-block-heading\">Hooked [on Something]<\/h2>\n\n\n\n<p>&#8220;Hooked&#8221; ya que probablemente podr\u00eda tener sentido literal, significa que usted es adicto a algo. Y, por supuesto, hay muchas cosas a las que puedes engancharte (hooked on), como un tipo de comida, una serie de televisi\u00f3n o incluso un mal h\u00e1bito (como fumar).<\/p>\n\n\n\n<blockquote class=\"wp-block-quote is-layout-flow wp-block-quote-is-layout-flow\"><p><strong>Ejemplo<\/strong>:<\/p><p>\u201cHow are you enjoying the new Stranger Things series?\u201d<\/p><p>\u201cI\u2019m totally hooked. It\u2019s brilliant.\u201d<\/p><\/blockquote>\n\n\n\n<h2 class=\"wp-block-heading\">To Ride Shotgun<\/h2>\n\n\n\n<p>Esta expresi\u00f3n significa viajar en el asiento del pasajero delantero de un autom\u00f3vil. Generalmente se usa entre amigos cuando hay competencia por el puesto (es muy apreciado por el espacio, la comodidad y el control del sistema de radio\/m\u00fasica que ofrece el asiento).<\/p>\n\n\n\n<p>Curiosamente, este idioma se origina en el salvaje oeste, cuando las diligencias eran robadas regularmente por los bandidos. Al conductor se le uni\u00f3 un compa\u00f1ero que era responsable, literalmente, de la escopeta, con el fin de proteger al autocar.<\/p>\n\n\n\n<p>Hoy en d\u00eda, grupos de amigos son escuchados gritando&#8217;escopeta&#8217; para reclamar este lugar (la pr\u00e1ctica com\u00fan es que hay que estar a la vista del coche).<\/p>\n\n\n\n<blockquote class=\"wp-block-quote is-layout-flow wp-block-quote-is-layout-flow\"><p><strong>Ejemplo<\/strong>: Tom was riding shotgun because he was the first to shout \u2018shotgun\u2019 when we came out of the cinema.<\/p><\/blockquote>\n\n\n\n<h2 class=\"wp-block-heading\">To Chill Out<\/h2>\n\n\n\n<p>Se trata de una frase muy popular que puede ser traducida simplemente como &#8220;para relajarse&#8221;. Incluso puedes usarlo sin el &#8220;out&#8221; para el mismo significado (como la gente tiende a hacer).<\/p>\n\n\n\n<p>Un aspecto interesante de los verbos frasales (de los cuales el chill out es un ejemplo), es que el verbo, o la preposici\u00f3n, a menudo no tiene sentido. En este caso, la palabra &#8216;out&#8217; claramente no tiene un significado particular.<\/p>\n\n\n\n<blockquote class=\"wp-block-quote is-layout-flow wp-block-quote-is-layout-flow\"><p><strong>Ejemplo<\/strong>:<\/p><p>\u201cHey John, what are you doing?\u201d<\/p><p>\u201cI\u2019m just chilling out, watching a bit of TV.\u201d<\/p><\/blockquote>\n\n\n\n<h2 class=\"wp-block-heading\">To Hang Out<\/h2>\n\n\n\n<p>&#8220;To hang out&#8221; significa pasar el tiempo sin hacer nada en particular. Puedes salir con alguien (tus amigos, por ejemplo), o en alg\u00fan lugar (el centro comercial). Es normal que alguien te invite a pasar el rato, nosotros s\u00f3lo queremos decir pasar alg\u00fan tiempo juntos sin hacer nada en particular.<\/p>\n\n\n\n<p>Y como otro ejemplo de un verbo frasal, esta expresi\u00f3n no tiene mucho sentido literal, pero ni siquiera se supone que lo tenga.<\/p>\n\n\n\n<blockquote class=\"wp-block-quote is-layout-flow wp-block-quote-is-layout-flow\"><p><strong>Ejemplo<\/strong>: \u201cIt would be really great to hang out sometime. What are you doing at the weekend?\u201d<\/p><\/blockquote>\n\n\n\n<h2 class=\"wp-block-heading\">Bells and whistles<\/h2>\n\n\n\n<p>Cuando algo tiene las \u00faltimas caracter\u00edsticas tecnol\u00f3gicas, o simplemente es de alta especificaci\u00f3n, entonces viene con todas las campanas y silbatos (es decir, decoraciones, que pueden o no ser \u00fatiles, dependiendo del contexto). Tampoco tiene que estar ligado a la tecnolog\u00eda, ya que una comida que viene con un n\u00famero de acompa\u00f1amientos ex\u00f3ticos tambi\u00e9n puede decirse que tiene todas las campanas y silbatos.<\/p>\n\n\n\n<blockquote class=\"wp-block-quote is-layout-flow wp-block-quote-is-layout-flow\"><p><strong>Ejemplo<\/strong>: For dinner I had a great steak with all the bells and whistles.&nbsp;<\/p><\/blockquote>\n\n\n\n<h2 class=\"wp-block-heading\">To Have a Crush [on Somebody]<\/h2>\n\n\n\n<blockquote class=\"wp-block-quote is-layout-flow wp-block-quote-is-layout-flow\"><p><strong>Ejemplo<\/strong>: \u201cI\u2019ve always had a massive crush on John Travolta. He\u2019s so gorgeous.\u201d  <\/p><\/blockquote>\n\n\n\n<h2 class=\"wp-block-heading\">Rip-off (Noun)\/To Rip [Somebody] Off<\/h2>\n\n\n\n<p>Esta expresi\u00f3n negativa significa que alguien ha cobrado de m\u00e1s por un producto o servicio. Podr\u00edas exclamar que alguien te ha estafado, o simplemente decir que algo es una estafa cuando descubres el precio de ello (cuando sientes claramente que el precio es demasiado alto para lo que recibes).<\/p>\n\n\n\n<blockquote class=\"wp-block-quote is-layout-flow wp-block-quote-is-layout-flow\"><p><strong>Ejemplo:<\/strong><\/p><p>\u201cHow much did you pay for that jacket?\u201d<\/p><p>\u201cI think I paid 100 bucks.\u201d<\/p><p>\u201cI\u2019m sorry, but that\u2019s a rip-off. I saw it in another store for half that price just last week.\u201d<\/p><\/blockquote>\n\n\n\n<figure class=\"wp-block-pullquote\"><blockquote><p>P.D. Mientras tanto, utiliza nuestra oferta \u00fanica de descuento <a href=\"https:\/\/linguix.com\/upgrade\">del 30% en una suscripci\u00f3n Premium anual<\/a> para desbloquear toda la potencia de nuestro motor de revisi\u00f3n gramatical basado en la Inteligencia Artificial.&nbsp;&nbsp;<\/p><\/blockquote><\/figure>\n\n\n\n<figure class=\"wp-block-image\"><img loading=\"lazy\" decoding=\"async\" width=\"800\" height=\"534\" src=\"https:\/\/linguix.com\/blog\/wp-content\/uploads\/2019\/07\/sale25-06-2019.png\" alt=\"\" class=\"wp-image-855\"\/><\/figure>\n\n\n\n<h3 class=\"wp-block-heading\">Lee m\u00e1s consejos sobre c\u00f3mo aprender y escribir en ingl\u00e9s:<\/h3>\n\n\n\n<ul class=\"wp-block-list\"><li><a href=\"https:\/\/linguix.com\/blog\/como-comunicarse-en-una-oficina-de-habla-inglesa-14-frases-idiomaticas-utiles\/\">C\u00f3mo comunicarse en una oficina de habla inglesa: 14 frases idiom\u00e1ticas \u00fatiles<\/a><\/li><li><a href=\"https:\/\/linguix.com\/blog\/10-%d1%81ommon-errores-en-el-ingles-escrito-y-que-hacer-para-evitarlos\/\">10 \u0421ommon Errores en el ingl\u00e9s escrito, y qu\u00e9 hacer para evitarlos<\/a><\/li><\/ul>\n","protected":false},"excerpt":{"rendered":"<p>Llegar a dominar otro idioma puede ser dif\u00edcil, pero hay aspectos que se aprenden r\u00e1pidamente y que realmente pueden ayudar a su desarrollo. Una vez que tal aspecto est\u00e1 aprendiendo a incluir expresiones que suenan naturales, modismos o verbos frasales, cuando sea el momento adecuado. En ingl\u00e9s, estas expresiones no s\u00f3lo son muy apreciadas por [&hellip;]<\/p>\n","protected":false},"author":2,"featured_media":948,"parent":0,"menu_order":0,"comment_status":"closed","ping_status":"closed","template":"","meta":{"_acf_changed":false,"footnotes":"","_links_to":"","_links_to_target":""},"class_list":["post-953","page","type-page","status-publish","has-post-thumbnail","hentry"],"acf":[],"yoast_head":"<!-- This site is optimized with the Yoast SEO Premium plugin v20.8 (Yoast SEO v24.8.1) - https:\/\/yoast.com\/wordpress\/plugins\/seo\/ -->\n<title>Nueve idiomas naturales de ingl\u00e9s para que usted hable como un nativo<\/title>\n<meta name=\"robots\" content=\"index, follow, max-snippet:-1, max-image-preview:large, max-video-preview:-1\" \/>\n<link rel=\"canonical\" href=\"https:\/\/linguix.com\/blog\/nueve-idiomas-naturales-de-ingles-para-que-usted-hable-como-un-nativo\/\" \/>\n<meta property=\"og:locale\" content=\"en_US\" \/>\n<meta property=\"og:type\" content=\"article\" \/>\n<meta property=\"og:title\" content=\"Nueve idiomas naturales de ingl\u00e9s para que usted hable como un nativo\" \/>\n<meta property=\"og:description\" content=\"Llegar a dominar otro idioma puede ser dif\u00edcil, pero hay aspectos que se aprenden r\u00e1pidamente y que realmente pueden ayudar a su desarrollo. Una vez que tal aspecto est\u00e1 aprendiendo a incluir expresiones que suenan naturales, modismos o verbos frasales, cuando sea el momento adecuado. En ingl\u00e9s, estas expresiones no s\u00f3lo son muy apreciadas por [&hellip;]\" \/>\n<meta property=\"og:url\" content=\"https:\/\/linguix.com\/blog\/nueve-idiomas-naturales-de-ingles-para-que-usted-hable-como-un-nativo\/\" \/>\n<meta property=\"og:site_name\" content=\"Linguix Blog\" \/>\n<meta property=\"article:modified_time\" content=\"2019-07-26T13:06:28+00:00\" \/>\n<meta property=\"og:image\" content=\"https:\/\/linguix.com\/blog\/wp-content\/uploads\/2019\/07\/pexels-photo-344102.jpeg\" \/>\n\t<meta property=\"og:image:width\" content=\"1000\" \/>\n\t<meta property=\"og:image:height\" content=\"665\" \/>\n\t<meta property=\"og:image:type\" content=\"image\/jpeg\" \/>\n<meta name=\"twitter:card\" content=\"summary_large_image\" \/>\n<meta name=\"twitter:label1\" content=\"Est. reading time\" \/>\n\t<meta name=\"twitter:data1\" content=\"5 minutes\" \/>\n<script type=\"application\/ld+json\" class=\"yoast-schema-graph\">{\"@context\":\"https:\/\/schema.org\",\"@graph\":[{\"@type\":\"WebPage\",\"@id\":\"https:\/\/linguix.com\/blog\/nueve-idiomas-naturales-de-ingles-para-que-usted-hable-como-un-nativo\/\",\"url\":\"https:\/\/linguix.com\/blog\/nueve-idiomas-naturales-de-ingles-para-que-usted-hable-como-un-nativo\/\",\"name\":\"Nueve idiomas naturales de ingl\u00e9s para que usted hable como un nativo\",\"isPartOf\":{\"@id\":\"https:\/\/linguix.com\/blog\/#website\"},\"primaryImageOfPage\":{\"@id\":\"https:\/\/linguix.com\/blog\/nueve-idiomas-naturales-de-ingles-para-que-usted-hable-como-un-nativo\/#primaryimage\"},\"image\":{\"@id\":\"https:\/\/linguix.com\/blog\/nueve-idiomas-naturales-de-ingles-para-que-usted-hable-como-un-nativo\/#primaryimage\"},\"thumbnailUrl\":\"https:\/\/linguix.com\/blog\/wp-content\/uploads\/2019\/07\/pexels-photo-344102.jpeg\",\"datePublished\":\"2019-07-26T12:39:42+00:00\",\"dateModified\":\"2019-07-26T13:06:28+00:00\",\"breadcrumb\":{\"@id\":\"https:\/\/linguix.com\/blog\/nueve-idiomas-naturales-de-ingles-para-que-usted-hable-como-un-nativo\/#breadcrumb\"},\"inLanguage\":\"en-US\",\"potentialAction\":[{\"@type\":\"ReadAction\",\"target\":[\"https:\/\/linguix.com\/blog\/nueve-idiomas-naturales-de-ingles-para-que-usted-hable-como-un-nativo\/\"]}]},{\"@type\":\"ImageObject\",\"inLanguage\":\"en-US\",\"@id\":\"https:\/\/linguix.com\/blog\/nueve-idiomas-naturales-de-ingles-para-que-usted-hable-como-un-nativo\/#primaryimage\",\"url\":\"https:\/\/linguix.com\/blog\/wp-content\/uploads\/2019\/07\/pexels-photo-344102.jpeg\",\"contentUrl\":\"https:\/\/linguix.com\/blog\/wp-content\/uploads\/2019\/07\/pexels-photo-344102.jpeg\",\"width\":1000,\"height\":665},{\"@type\":\"BreadcrumbList\",\"@id\":\"https:\/\/linguix.com\/blog\/nueve-idiomas-naturales-de-ingles-para-que-usted-hable-como-un-nativo\/#breadcrumb\",\"itemListElement\":[{\"@type\":\"ListItem\",\"position\":1,\"name\":\"Home\",\"item\":\"https:\/\/linguix.com\/blog\/\"},{\"@type\":\"ListItem\",\"position\":2,\"name\":\"Nueve idiomas naturales de ingl\u00e9s para que usted hable como un nativo\"}]},{\"@type\":\"WebSite\",\"@id\":\"https:\/\/linguix.com\/blog\/#website\",\"url\":\"https:\/\/linguix.com\/blog\/\",\"name\":\"Linguix Blog\",\"description\":\"Writing about using technology to create content and build effective communications.\",\"potentialAction\":[{\"@type\":\"SearchAction\",\"target\":{\"@type\":\"EntryPoint\",\"urlTemplate\":\"https:\/\/linguix.com\/blog\/?s={search_term_string}\"},\"query-input\":{\"@type\":\"PropertyValueSpecification\",\"valueRequired\":true,\"valueName\":\"search_term_string\"}}],\"inLanguage\":\"en-US\"}]}<\/script>\n<!-- \/ Yoast SEO Premium plugin. -->","yoast_head_json":{"title":"Nueve idiomas naturales de ingl\u00e9s para que usted hable como un nativo","robots":{"index":"index","follow":"follow","max-snippet":"max-snippet:-1","max-image-preview":"max-image-preview:large","max-video-preview":"max-video-preview:-1"},"canonical":"https:\/\/linguix.com\/blog\/nueve-idiomas-naturales-de-ingles-para-que-usted-hable-como-un-nativo\/","og_locale":"en_US","og_type":"article","og_title":"Nueve idiomas naturales de ingl\u00e9s para que usted hable como un nativo","og_description":"Llegar a dominar otro idioma puede ser dif\u00edcil, pero hay aspectos que se aprenden r\u00e1pidamente y que realmente pueden ayudar a su desarrollo. Una vez que tal aspecto est\u00e1 aprendiendo a incluir expresiones que suenan naturales, modismos o verbos frasales, cuando sea el momento adecuado. En ingl\u00e9s, estas expresiones no s\u00f3lo son muy apreciadas por [&hellip;]","og_url":"https:\/\/linguix.com\/blog\/nueve-idiomas-naturales-de-ingles-para-que-usted-hable-como-un-nativo\/","og_site_name":"Linguix Blog","article_modified_time":"2019-07-26T13:06:28+00:00","og_image":[{"width":1000,"height":665,"url":"https:\/\/linguix.com\/blog\/wp-content\/uploads\/2019\/07\/pexels-photo-344102.jpeg","type":"image\/jpeg"}],"twitter_card":"summary_large_image","twitter_misc":{"Est. reading time":"5 minutes"},"schema":{"@context":"https:\/\/schema.org","@graph":[{"@type":"WebPage","@id":"https:\/\/linguix.com\/blog\/nueve-idiomas-naturales-de-ingles-para-que-usted-hable-como-un-nativo\/","url":"https:\/\/linguix.com\/blog\/nueve-idiomas-naturales-de-ingles-para-que-usted-hable-como-un-nativo\/","name":"Nueve idiomas naturales de ingl\u00e9s para que usted hable como un nativo","isPartOf":{"@id":"https:\/\/linguix.com\/blog\/#website"},"primaryImageOfPage":{"@id":"https:\/\/linguix.com\/blog\/nueve-idiomas-naturales-de-ingles-para-que-usted-hable-como-un-nativo\/#primaryimage"},"image":{"@id":"https:\/\/linguix.com\/blog\/nueve-idiomas-naturales-de-ingles-para-que-usted-hable-como-un-nativo\/#primaryimage"},"thumbnailUrl":"https:\/\/linguix.com\/blog\/wp-content\/uploads\/2019\/07\/pexels-photo-344102.jpeg","datePublished":"2019-07-26T12:39:42+00:00","dateModified":"2019-07-26T13:06:28+00:00","breadcrumb":{"@id":"https:\/\/linguix.com\/blog\/nueve-idiomas-naturales-de-ingles-para-que-usted-hable-como-un-nativo\/#breadcrumb"},"inLanguage":"en-US","potentialAction":[{"@type":"ReadAction","target":["https:\/\/linguix.com\/blog\/nueve-idiomas-naturales-de-ingles-para-que-usted-hable-como-un-nativo\/"]}]},{"@type":"ImageObject","inLanguage":"en-US","@id":"https:\/\/linguix.com\/blog\/nueve-idiomas-naturales-de-ingles-para-que-usted-hable-como-un-nativo\/#primaryimage","url":"https:\/\/linguix.com\/blog\/wp-content\/uploads\/2019\/07\/pexels-photo-344102.jpeg","contentUrl":"https:\/\/linguix.com\/blog\/wp-content\/uploads\/2019\/07\/pexels-photo-344102.jpeg","width":1000,"height":665},{"@type":"BreadcrumbList","@id":"https:\/\/linguix.com\/blog\/nueve-idiomas-naturales-de-ingles-para-que-usted-hable-como-un-nativo\/#breadcrumb","itemListElement":[{"@type":"ListItem","position":1,"name":"Home","item":"https:\/\/linguix.com\/blog\/"},{"@type":"ListItem","position":2,"name":"Nueve idiomas naturales de ingl\u00e9s para que usted hable como un nativo"}]},{"@type":"WebSite","@id":"https:\/\/linguix.com\/blog\/#website","url":"https:\/\/linguix.com\/blog\/","name":"Linguix Blog","description":"Writing about using technology to create content and build effective communications.","potentialAction":[{"@type":"SearchAction","target":{"@type":"EntryPoint","urlTemplate":"https:\/\/linguix.com\/blog\/?s={search_term_string}"},"query-input":{"@type":"PropertyValueSpecification","valueRequired":true,"valueName":"search_term_string"}}],"inLanguage":"en-US"}]}},"_links":{"self":[{"href":"https:\/\/linguix.com\/blog\/wp-json\/wp\/v2\/pages\/953","targetHints":{"allow":["GET"]}}],"collection":[{"href":"https:\/\/linguix.com\/blog\/wp-json\/wp\/v2\/pages"}],"about":[{"href":"https:\/\/linguix.com\/blog\/wp-json\/wp\/v2\/types\/page"}],"author":[{"embeddable":true,"href":"https:\/\/linguix.com\/blog\/wp-json\/wp\/v2\/users\/2"}],"replies":[{"embeddable":true,"href":"https:\/\/linguix.com\/blog\/wp-json\/wp\/v2\/comments?post=953"}],"version-history":[{"count":3,"href":"https:\/\/linguix.com\/blog\/wp-json\/wp\/v2\/pages\/953\/revisions"}],"predecessor-version":[{"id":958,"href":"https:\/\/linguix.com\/blog\/wp-json\/wp\/v2\/pages\/953\/revisions\/958"}],"wp:featuredmedia":[{"embeddable":true,"href":"https:\/\/linguix.com\/blog\/wp-json\/wp\/v2\/media\/948"}],"wp:attachment":[{"href":"https:\/\/linguix.com\/blog\/wp-json\/wp\/v2\/media?parent=953"}],"curies":[{"name":"wp","href":"https:\/\/api.w.org\/{rel}","templated":true}]}}