{"id":1323,"date":"2020-02-16T09:51:45","date_gmt":"2020-02-16T14:51:45","guid":{"rendered":"https:\/\/linguix.com\/blog\/?page_id=1323"},"modified":"2020-05-13T21:58:29","modified_gmt":"2020-05-14T01:58:29","slug":"errores-simples-en-ingles-que-pueden-hacerte-quedar-mal","status":"publish","type":"page","link":"https:\/\/linguix.com\/blog\/errores-simples-en-ingles-que-pueden-hacerte-quedar-mal\/","title":{"rendered":"Errores simples en ingl\u00e9s que pueden hacerte quedar mal"},"content":{"rendered":"\n<p>Ya sea que est\u00e9 aprendiendo ingl\u00e9s, lo hable de manera competente como segundo idioma o sea un hablante nativo, cometer errores simples en ingl\u00e9s no solo es frustrante, sino que a veces puede hacer que se lo vea mal.<\/p>\n\n\n\n<p>Piense en un correo electr\u00f3nico de trabajo que contiene errores simples que no not\u00f3, o si se tom\u00f3 la molestia de imprimir un folleto, solo para descubrir que hay un error rid\u00edculo incluido que arruina la credibilidad de lo que ha hecho. \u00bfQu\u00e9 pasa con el poder de una publicaci\u00f3n de Twitter o Facebook que pierde su mensaje por causa de un error simple pero deslumbrante?<\/p>\n\n\n\n<a href=\"https:\/\/www.producthunt.com\/posts\/linguix-grammar-checker-for-chrome?utm_source=badge-featured&amp;utm_medium=badge&amp;utm_souce=badge-linguix-grammar-checker-for-chrome\" target=\"_blank\" rel=\"noopener noreferrer\"><img decoding=\"async\" src=\"https:\/\/api.producthunt.com\/widgets\/embed-image\/v1\/featured.svg?post_id=184648&amp;theme=light\" alt=\"Linguix Grammar Checker for Chrome - Check grammar instantly in real-time on your favorite sites | Product Hunt Embed\" style=\"width: 250px; height: 54px;\" width=\"250px\" height=\"54px\"><\/a>\n\n\n\n<p><\/p>\n\n\n\n<p>Puede suceder y nos sucede a todos nosotros, y todos tenemos nuestras \u00e1reas de ingl\u00e9s donde cometemos errores repetidos.<\/p>\n\n\n\n<p>El truco es tener cuidado en primer lugar, estar al tanto de sus \u00e1reas problem\u00e1ticas y luego corregir todo lo que produce antes de enviarlo \/ publicarlo \/ imprimirlo, etc.&nbsp;<\/p>\n\n\n\n<p>A continuaci\u00f3n veamos algunos errores particularmente frecuentes (y simples) a tener en cuenta:<\/p>\n\n\n\n<h2 class=\"wp-block-heading\">Ap\u00f3strofos Inc\u00f3modos<\/h2>\n\n\n\n<blockquote class=\"wp-block-quote is-layout-flow wp-block-quote-is-layout-flow\"><p>\u2018I have two meeting\u2019s tomorrow.\u2019 &#8220;Tengo dos reuniones ma\u00f1ana&#8221;.<\/p><\/blockquote>\n\n\n\n<p>\u00bfPor qu\u00e9 la palabra &#8220;reuniones&#8221; tiene un ap\u00f3strofe? Piense en las razones para usar un ap\u00f3strofe:<\/p>\n\n\n\n<p>1) Porque es un posesivo<\/p>\n\n\n\n<p>2) Se\u00f1alar puntos suspensivos (falta algo, como una letra, utilizada en las contracciones)<\/p>\n\n\n\n<p>\u00bfCu\u00e1l es este caso?<\/p>\n\n\n\n<p>No es ninguno, es un plural, por lo que no se debe utilizar ning\u00fan ap\u00f3strofe.<\/p>\n\n\n\n<p>Una palabra con la que debes tener mucho cuidado es cuando usas &#8220;it&#8221; como posesivo = its. Tenga en cuenta que no hay ap\u00f3strofe, que es distinguir la palabra de la contracci\u00f3n de la misma.<\/p>\n\n\n\n    \n\n\n\n<h2 class=\"wp-block-heading\">Hom\u00f3fonos confusos<\/h2>\n\n\n\n<p>Their, there or they\u2019re?&nbsp;<\/p>\n\n\n\n<p>Too, to, or two?&nbsp;<\/p>\n\n\n\n<p>Mientras conozca la diferencia entre los significados de estas palabras, nunca debe cometer un error. Pero la gente lo hace, con frecuencia! Incluso los hablantes nativos tienen problemas cuando se comunican r\u00e1pidamente. Si te detienes y piensas, deber\u00eda ser f\u00e1cil distinguirlos. Por lo tanto:<\/p>\n\n\n\n<blockquote class=\"wp-block-quote is-layout-flow wp-block-quote-is-layout-flow\"><p>their = pertenecer a ellos (It\u2019s <em>their <\/em>car, not ours!)<\/p><p>there = un pronombre que representa un lugar o la existencia de algo (It\u2019s over <em>there<\/em>!)<\/p><p>they\u2019re = est\u00e1n (<em>They\u2019re<\/em> too busy to come!)<\/p><p>too = tambi\u00e9n, o decir que hay un exceso de algo (I liked it <em>too<\/em>, although it was <em>too <\/em>long!)<\/p><p>to = una simple preposici\u00f3n (We went <em>to <\/em>Spain!)<\/p><p>two = un n\u00famero (We went <em>two<\/em> years ago!)<\/p><\/blockquote>\n\n\n\n<p>El 99% del tiempo, estos errores son solo descuido. \u00a1As\u00ed que ten cuidado!<\/p>\n\n\n\n<h2 class=\"wp-block-heading\">Palabras similares<\/h2>\n\n\n\n<p>Then or than? Specially or especially? Affect or effect? Lose or loose?<\/p>\n\n\n\n<p>Entonces o que? Especialmente o especialmente? \u00bfAfecto o efecto? Perder o perder?<\/p>\n\n\n\n<p>Ahora, todos estos pares de palabras suenan similares pero est\u00e1n lejos de ser lo mismo. Es muy posible pronunciar mal mientras habla, pero cuando escribe, no hay raz\u00f3n para cometer estos errores siempre y cuando&nbsp;<\/p>\n\n\n\n<p>1) comprenda que estas palabras son diferentes y 2) sepa lo que significa cada palabra.&nbsp;<\/p>\n\n\n\n<p>Aqu\u00ed vamos<\/p>\n\n\n\n<blockquote class=\"wp-block-quote is-layout-flow wp-block-quote-is-layout-flow\"><p>then = despu\u00e9s, o en ese momento (We went to the cinema, <em>then<\/em> we went home.)<\/p><p>than = una preposici\u00f3n utilizada en comparativos (I\u2019m taller <em>than <\/em>you.)<\/p><p>specially = hecho de una manera especial &nbsp;(I got these shoes specially made.)<\/p><p>especially = uno sobre todos los dem\u00e1s (I like movies, especially westerns.)<\/p><p>affect = el verbo (Smoking <em>affects<\/em> your health.)<\/p><p>effect = el sustantivo (Smoking has a negative<em> effect<\/em> on our health.)<\/p><p>lose = un verbo que significa lo contrario de &#8220;ganar&#8221; (I hope we don\u2019t lose the match.)<\/p><p>loose = un adjetivo que significa lo contrario de &#8220;apretado&#8221; (My trousers are very loose.)<\/p><\/blockquote>\n\n\n\n<p>\u00a1Son diferentes! Ahora solo ten cuidado!<\/p>\n\n\n\n<h2 class=\"wp-block-heading\">Cometer errores con el sujeto y la complementaci\u00f3n verbal<\/h2>\n\n\n\n<p>Este suele ser un error del alumno, pero tambi\u00e9n se puede cometer cuando no se realiza la correcci\u00f3n de pruebas adecuada. Veamos algunos errores de ejemplo:<\/p>\n\n\n\n<blockquote class=\"wp-block-quote is-layout-flow wp-block-quote-is-layout-flow\"><p>\u2018She have been living here for 10 years.\u2019<\/p><p>She has\u2026<\/p><p>\u2018My brother play football.\u2019<\/p><p>My brother plays\u2026<\/p><p>\u2018The people is very happy.\u2019<\/p><p>The people are\u2026<\/p><\/blockquote>\n\n\n\n<p>Primero aprenda las reglas gramaticales y luego aseg\u00farese de revisar todo, verificando este tipo de error en particular.<\/p>\n\n\n\n<h2 class=\"wp-block-heading\">Ortograf\u00eda<\/h2>\n\n\n\n<p>La ortograf\u00eda es un tema pol\u00e9mico, principalmente porque algunas personas piensan que es realmente importante, mientras que otras piensan que no lo es en absoluto. Ciertamente, con el aumento de los dispositivos de comunicaci\u00f3n m\u00f3vil y la mensajer\u00eda instant\u00e1nea, la forma en que chateamos con las palabras se ha vuelto un poco m\u00e1s fluida: &nbsp;\u2018How R U?\u2019<\/p>\n\n\n\n<p>Pero, por supuesto, hay un momento y un lugar para cada tipo de comunicaci\u00f3n. Y en un contexto profesional, es importante ser lo m\u00e1s preciso posible.<\/p>\n\n\n\n<p>Por supuesto, el software de procesamiento de texto lo ayudar\u00e1 a corregir sus errores ortogr\u00e1ficos, y existen herramientas realmente \u00fatiles, como el asistente de escritura con tecnolog\u00eda Linguix AI, que lo ayudar\u00e1 a corregir los errores mientras escribe.<\/p>\n\n\n\n<p>Pero, \u00bfcu\u00e1ntas veces has le\u00eddo algo en Twitter, por ejemplo, que ha perdido su mensaje, gravedad o incluso significado debido a la falta de ortograf\u00eda y gram\u00e1tica?<\/p>\n\n\n\n<p>Siempre es una buena idea poder confiar en ti mismo para reconocer algunos de tus errores m\u00e1s comunes cuando se trata de ortograf\u00eda. Aqu\u00ed hay algunas categor\u00edas t\u00edpicas de error:<\/p>\n\n\n\n<h2 class=\"wp-block-heading\">&#8220;Ie&#8221; o &#8220;ei&#8221;<\/h2>\n\n\n\n<p>Esto causa muchos dolores de cabeza.<\/p>\n\n\n\n<p>En la escuela, a muchos hablantes nativos se les ense\u00f1a una regla para abordar este problema: &#8220;i&#8221; antes de &#8220;e&#8221;, excepto despu\u00e9s de &#8220;c&#8221;.<\/p>\n\n\n\n<p>El problema es que esta regla se rompe tan regularmente que apenas vale la pena tenerla.<\/p>\n\n\n\n<p>Aqu\u00ed hay algunos ejemplos:<\/p>\n\n\n\n<blockquote class=\"wp-block-quote is-layout-flow wp-block-quote-is-layout-flow\"><p>receipt (actually follows the rule)<\/p><p>their (doesn\u2019t follow the rule)<\/p><p>achieve (follows the rule)<\/p><p>foreign (doesn\u2019t follow the rule)<br><\/p><\/blockquote>\n\n\n\n<h2 class=\"wp-block-heading\">\u00bfDoble letra o no?<\/h2>\n\n\n\n<p>Hay una regla en ingl\u00e9s que cuando hay un participio de una palabra (por ejemplo, run &#8211; runner) entonces duplica la consonante si las \u00faltimas tres letras de la palabra original (en este caso &#8216;run&#8217;) son consonantes-vocales- consonante. Esto realmente ayuda.<\/p>\n\n\n\n<p>Sin embargo, hay muchas otras palabras que solo debes recordar. Por ejemplo:<\/p>\n\n\n\n<blockquote class=\"wp-block-quote is-layout-flow wp-block-quote-is-layout-flow\"><p>embarrassed<\/p><p>accommodate<\/p><p>disappoint<br><\/p><\/blockquote>\n\n\n\n<p>\u00bfAlguna vez te ha sorprendido una de estas palabras cl\u00e1sicas? Aprender de memoria es la \u00fanica forma.<\/p>\n\n\n\n<h2 class=\"wp-block-heading\">\u2018A\u2019 o \u2018e\u2019 (o \u2018i)<\/h2>\n\n\n\n<p>Todos hemos estado all\u00ed: diciendo una palabra una y otra vez para tratar de recordar si ese sonido vocal es una &#8220;a&#8221; o una &#8220;e&#8221;. \u00a1Incluso podr\u00eda ser un \u2018i\u2019! Una cosa es segura, la pronunciaci\u00f3n no te ayudar\u00e1.<\/p>\n\n\n\n<blockquote class=\"wp-block-quote is-layout-flow wp-block-quote-is-layout-flow\"><p>Aqu\u00ed hay algunos ejemplos cl\u00e1sicos:<\/p><p>acceptable (not acceptible)<\/p><p>calendar (not calender)<\/p><p>separate (not seperate)<\/p><\/blockquote>\n\n\n\n<p>No permita que su escritura pierda su mensaje a trav\u00e9s de una letan\u00eda de simples errores ortogr\u00e1ficos, de puntuaci\u00f3n y gramaticales. Tenga en cuenta d\u00f3nde se encuentran sus debilidades. \u00a1Y corrijalas!<br><\/p>\n\n\n\n\n\n\n\n\n\n\n\n\n\n<p><br><\/p>\n","protected":false},"excerpt":{"rendered":"<p>Ya sea que est\u00e9 aprendiendo ingl\u00e9s, lo hable de manera competente como segundo idioma o sea un hablante nativo, cometer errores simples en ingl\u00e9s no solo es frustrante, sino que a veces puede hacer que se lo vea mal. Piense en un correo electr\u00f3nico de trabajo que contiene errores simples que no not\u00f3, o si [&hellip;]<\/p>\n","protected":false},"author":1,"featured_media":1284,"parent":0,"menu_order":0,"comment_status":"closed","ping_status":"closed","template":"","meta":{"_acf_changed":false,"footnotes":"","_links_to":"","_links_to_target":""},"class_list":["post-1323","page","type-page","status-publish","has-post-thumbnail","hentry"],"acf":[],"yoast_head":"<!-- This site is optimized with the Yoast SEO Premium plugin v20.8 (Yoast SEO v24.8.1) - https:\/\/yoast.com\/wordpress\/plugins\/seo\/ -->\n<title>Errores simples en ingl\u00e9s que pueden hacerte quedar mal - Linguix Blog<\/title>\n<meta name=\"robots\" content=\"index, follow, max-snippet:-1, max-image-preview:large, max-video-preview:-1\" \/>\n<link rel=\"canonical\" href=\"https:\/\/linguix.com\/blog\/errores-simples-en-ingles-que-pueden-hacerte-quedar-mal\/\" \/>\n<meta property=\"og:locale\" content=\"en_US\" \/>\n<meta property=\"og:type\" content=\"article\" \/>\n<meta property=\"og:title\" content=\"Errores simples en ingl\u00e9s que pueden hacerte quedar mal\" \/>\n<meta property=\"og:description\" content=\"Ya sea que est\u00e9 aprendiendo ingl\u00e9s, lo hable de manera competente como segundo idioma o sea un hablante nativo, cometer errores simples en ingl\u00e9s no solo es frustrante, sino que a veces puede hacer que se lo vea mal. Piense en un correo electr\u00f3nico de trabajo que contiene errores simples que no not\u00f3, o si [&hellip;]\" \/>\n<meta property=\"og:url\" content=\"https:\/\/linguix.com\/blog\/errores-simples-en-ingles-que-pueden-hacerte-quedar-mal\/\" \/>\n<meta property=\"og:site_name\" content=\"Linguix Blog\" \/>\n<meta property=\"article:modified_time\" content=\"2020-05-14T01:58:29+00:00\" \/>\n<meta property=\"og:image\" content=\"https:\/\/linguix.com\/blog\/wp-content\/uploads\/2020\/02\/36.png\" \/>\n\t<meta property=\"og:image:width\" content=\"1024\" \/>\n\t<meta property=\"og:image:height\" content=\"683\" \/>\n\t<meta property=\"og:image:type\" content=\"image\/png\" \/>\n<meta name=\"twitter:card\" content=\"summary_large_image\" \/>\n<meta name=\"twitter:label1\" content=\"Est. reading time\" \/>\n\t<meta name=\"twitter:data1\" content=\"6 minutes\" \/>\n<script type=\"application\/ld+json\" class=\"yoast-schema-graph\">{\"@context\":\"https:\/\/schema.org\",\"@graph\":[{\"@type\":\"WebPage\",\"@id\":\"https:\/\/linguix.com\/blog\/errores-simples-en-ingles-que-pueden-hacerte-quedar-mal\/\",\"url\":\"https:\/\/linguix.com\/blog\/errores-simples-en-ingles-que-pueden-hacerte-quedar-mal\/\",\"name\":\"Errores simples en ingl\u00e9s que pueden hacerte quedar mal - Linguix Blog\",\"isPartOf\":{\"@id\":\"https:\/\/linguix.com\/blog\/#website\"},\"primaryImageOfPage\":{\"@id\":\"https:\/\/linguix.com\/blog\/errores-simples-en-ingles-que-pueden-hacerte-quedar-mal\/#primaryimage\"},\"image\":{\"@id\":\"https:\/\/linguix.com\/blog\/errores-simples-en-ingles-que-pueden-hacerte-quedar-mal\/#primaryimage\"},\"thumbnailUrl\":\"https:\/\/linguix.com\/blog\/wp-content\/uploads\/2020\/02\/36.png\",\"datePublished\":\"2020-02-16T14:51:45+00:00\",\"dateModified\":\"2020-05-14T01:58:29+00:00\",\"breadcrumb\":{\"@id\":\"https:\/\/linguix.com\/blog\/errores-simples-en-ingles-que-pueden-hacerte-quedar-mal\/#breadcrumb\"},\"inLanguage\":\"en-US\",\"potentialAction\":[{\"@type\":\"ReadAction\",\"target\":[\"https:\/\/linguix.com\/blog\/errores-simples-en-ingles-que-pueden-hacerte-quedar-mal\/\"]}]},{\"@type\":\"ImageObject\",\"inLanguage\":\"en-US\",\"@id\":\"https:\/\/linguix.com\/blog\/errores-simples-en-ingles-que-pueden-hacerte-quedar-mal\/#primaryimage\",\"url\":\"https:\/\/linguix.com\/blog\/wp-content\/uploads\/2020\/02\/36.png\",\"contentUrl\":\"https:\/\/linguix.com\/blog\/wp-content\/uploads\/2020\/02\/36.png\",\"width\":1024,\"height\":683},{\"@type\":\"BreadcrumbList\",\"@id\":\"https:\/\/linguix.com\/blog\/errores-simples-en-ingles-que-pueden-hacerte-quedar-mal\/#breadcrumb\",\"itemListElement\":[{\"@type\":\"ListItem\",\"position\":1,\"name\":\"Home\",\"item\":\"https:\/\/linguix.com\/blog\/\"},{\"@type\":\"ListItem\",\"position\":2,\"name\":\"Errores simples en ingl\u00e9s que pueden hacerte quedar mal\"}]},{\"@type\":\"WebSite\",\"@id\":\"https:\/\/linguix.com\/blog\/#website\",\"url\":\"https:\/\/linguix.com\/blog\/\",\"name\":\"Linguix Blog\",\"description\":\"Writing about using technology to create content and build effective communications.\",\"potentialAction\":[{\"@type\":\"SearchAction\",\"target\":{\"@type\":\"EntryPoint\",\"urlTemplate\":\"https:\/\/linguix.com\/blog\/?s={search_term_string}\"},\"query-input\":{\"@type\":\"PropertyValueSpecification\",\"valueRequired\":true,\"valueName\":\"search_term_string\"}}],\"inLanguage\":\"en-US\"}]}<\/script>\n<!-- \/ Yoast SEO Premium plugin. -->","yoast_head_json":{"title":"Errores simples en ingl\u00e9s que pueden hacerte quedar mal - Linguix Blog","robots":{"index":"index","follow":"follow","max-snippet":"max-snippet:-1","max-image-preview":"max-image-preview:large","max-video-preview":"max-video-preview:-1"},"canonical":"https:\/\/linguix.com\/blog\/errores-simples-en-ingles-que-pueden-hacerte-quedar-mal\/","og_locale":"en_US","og_type":"article","og_title":"Errores simples en ingl\u00e9s que pueden hacerte quedar mal","og_description":"Ya sea que est\u00e9 aprendiendo ingl\u00e9s, lo hable de manera competente como segundo idioma o sea un hablante nativo, cometer errores simples en ingl\u00e9s no solo es frustrante, sino que a veces puede hacer que se lo vea mal. Piense en un correo electr\u00f3nico de trabajo que contiene errores simples que no not\u00f3, o si [&hellip;]","og_url":"https:\/\/linguix.com\/blog\/errores-simples-en-ingles-que-pueden-hacerte-quedar-mal\/","og_site_name":"Linguix Blog","article_modified_time":"2020-05-14T01:58:29+00:00","og_image":[{"width":1024,"height":683,"url":"https:\/\/linguix.com\/blog\/wp-content\/uploads\/2020\/02\/36.png","type":"image\/png"}],"twitter_card":"summary_large_image","twitter_misc":{"Est. reading time":"6 minutes"},"schema":{"@context":"https:\/\/schema.org","@graph":[{"@type":"WebPage","@id":"https:\/\/linguix.com\/blog\/errores-simples-en-ingles-que-pueden-hacerte-quedar-mal\/","url":"https:\/\/linguix.com\/blog\/errores-simples-en-ingles-que-pueden-hacerte-quedar-mal\/","name":"Errores simples en ingl\u00e9s que pueden hacerte quedar mal - Linguix Blog","isPartOf":{"@id":"https:\/\/linguix.com\/blog\/#website"},"primaryImageOfPage":{"@id":"https:\/\/linguix.com\/blog\/errores-simples-en-ingles-que-pueden-hacerte-quedar-mal\/#primaryimage"},"image":{"@id":"https:\/\/linguix.com\/blog\/errores-simples-en-ingles-que-pueden-hacerte-quedar-mal\/#primaryimage"},"thumbnailUrl":"https:\/\/linguix.com\/blog\/wp-content\/uploads\/2020\/02\/36.png","datePublished":"2020-02-16T14:51:45+00:00","dateModified":"2020-05-14T01:58:29+00:00","breadcrumb":{"@id":"https:\/\/linguix.com\/blog\/errores-simples-en-ingles-que-pueden-hacerte-quedar-mal\/#breadcrumb"},"inLanguage":"en-US","potentialAction":[{"@type":"ReadAction","target":["https:\/\/linguix.com\/blog\/errores-simples-en-ingles-que-pueden-hacerte-quedar-mal\/"]}]},{"@type":"ImageObject","inLanguage":"en-US","@id":"https:\/\/linguix.com\/blog\/errores-simples-en-ingles-que-pueden-hacerte-quedar-mal\/#primaryimage","url":"https:\/\/linguix.com\/blog\/wp-content\/uploads\/2020\/02\/36.png","contentUrl":"https:\/\/linguix.com\/blog\/wp-content\/uploads\/2020\/02\/36.png","width":1024,"height":683},{"@type":"BreadcrumbList","@id":"https:\/\/linguix.com\/blog\/errores-simples-en-ingles-que-pueden-hacerte-quedar-mal\/#breadcrumb","itemListElement":[{"@type":"ListItem","position":1,"name":"Home","item":"https:\/\/linguix.com\/blog\/"},{"@type":"ListItem","position":2,"name":"Errores simples en ingl\u00e9s que pueden hacerte quedar mal"}]},{"@type":"WebSite","@id":"https:\/\/linguix.com\/blog\/#website","url":"https:\/\/linguix.com\/blog\/","name":"Linguix Blog","description":"Writing about using technology to create content and build effective communications.","potentialAction":[{"@type":"SearchAction","target":{"@type":"EntryPoint","urlTemplate":"https:\/\/linguix.com\/blog\/?s={search_term_string}"},"query-input":{"@type":"PropertyValueSpecification","valueRequired":true,"valueName":"search_term_string"}}],"inLanguage":"en-US"}]}},"_links":{"self":[{"href":"https:\/\/linguix.com\/blog\/wp-json\/wp\/v2\/pages\/1323","targetHints":{"allow":["GET"]}}],"collection":[{"href":"https:\/\/linguix.com\/blog\/wp-json\/wp\/v2\/pages"}],"about":[{"href":"https:\/\/linguix.com\/blog\/wp-json\/wp\/v2\/types\/page"}],"author":[{"embeddable":true,"href":"https:\/\/linguix.com\/blog\/wp-json\/wp\/v2\/users\/1"}],"replies":[{"embeddable":true,"href":"https:\/\/linguix.com\/blog\/wp-json\/wp\/v2\/comments?post=1323"}],"version-history":[{"count":6,"href":"https:\/\/linguix.com\/blog\/wp-json\/wp\/v2\/pages\/1323\/revisions"}],"predecessor-version":[{"id":1815,"href":"https:\/\/linguix.com\/blog\/wp-json\/wp\/v2\/pages\/1323\/revisions\/1815"}],"wp:featuredmedia":[{"embeddable":true,"href":"https:\/\/linguix.com\/blog\/wp-json\/wp\/v2\/media\/1284"}],"wp:attachment":[{"href":"https:\/\/linguix.com\/blog\/wp-json\/wp\/v2\/media?parent=1323"}],"curies":[{"name":"wp","href":"https:\/\/api.w.org\/{rel}","templated":true}]}}